{"id":91572,"date":"2025-04-12T01:01:22","date_gmt":"2025-04-11T18:01:22","guid":{"rendered":"https:\/\/missav.plus\/lien-he-voi-chung-toi\/"},"modified":"2025-04-12T01:01:22","modified_gmt":"2025-04-11T18:01:22","slug":"lien-he-voi-chung-toi","status":"publish","type":"page","link":"https:\/\/missav.plus\/vi\/lien-he-voi-chung-toi\/","title":{"rendered":"Li\u00ean h\u1ec7 v\u1edbi ch\u00fang t\u00f4i"},"content":{"rendered":"<p>Li\u00ean h\u1ec7 v\u1edbi ch\u00fang t\u00f4i \/ Bi\u1ec3u ng\u1eef qu\u1ea3ng c\u00e1o \/ B\u00e1o c\u00e1o t\u1ec7p b\u1ecb thi\u1ebfu<br \/>\n * Th\u00f4ng b\u00e1o cho trang web b\u1ea1n quan t\u00e2mE-mail<\/p>\n<p>: programming.service.th[at]gmail.com(<br \/>\nCh\u1ec9 li\u00ean h\u1ec7 qua Email)<\/p>\n","protected":false},"excerpt":{"rendered":"<p>Li\u00ean h\u1ec7 v\u1edbi ch\u00fang t\u00f4i \/ Bi\u1ec3u ng\u1eef qu\u1ea3ng c\u00e1o \/ B\u00e1o c\u00e1o t\u1ec7p b\u1ecb thi\u1ebfu * Th\u00f4ng b\u00e1o cho trang web b\u1ea1n quan t\u00e2mE-mail : programming.service.th[at]gmail.com( Ch\u1ec9 li\u00ean h\u1ec7 qua Email) [&#8230;]<\/p>\n<p><a class=\"btn btn-primary wpst-read-more-link\" href=\"https:\/\/missav.plus\/vi\/lien-he-voi-chung-toi\/\">Read More&#8230;<\/a><\/p>\n","protected":false},"author":4,"featured_media":0,"parent":0,"menu_order":0,"comment_status":"closed","ping_status":"closed","template":"","meta":{"footnotes":""},"class_list":["post-91572","page","type-page","status-publish","hentry"],"_links":{"self":[{"href":"https:\/\/missav.plus\/vi\/wp-json\/wp\/v2\/pages\/91572"}],"collection":[{"href":"https:\/\/missav.plus\/vi\/wp-json\/wp\/v2\/pages"}],"about":[{"href":"https:\/\/missav.plus\/vi\/wp-json\/wp\/v2\/types\/page"}],"author":[{"embeddable":true,"href":"https:\/\/missav.plus\/vi\/wp-json\/wp\/v2\/users\/4"}],"replies":[{"embeddable":true,"href":"https:\/\/missav.plus\/vi\/wp-json\/wp\/v2\/comments?post=91572"}],"version-history":[{"count":0,"href":"https:\/\/missav.plus\/vi\/wp-json\/wp\/v2\/pages\/91572\/revisions"}],"wp:attachment":[{"href":"https:\/\/missav.plus\/vi\/wp-json\/wp\/v2\/media?parent=91572"}],"curies":[{"name":"wp","href":"https:\/\/api.w.org\/{rel}","templated":true}]}}